{"id":204,"date":"2018-08-27T23:46:06","date_gmt":"2018-08-27T20:46:06","guid":{"rendered":"http:\/\/77.240.19.22\/~kehitys\/?page_id=204"},"modified":"2026-03-05T13:14:23","modified_gmt":"2026-03-05T11:14:23","slug":"liity-jaseneksi","status":"publish","type":"page","link":"https:\/\/www.gloriajkl.fi\/en\/liity-jaseneksi\/","title":{"rendered":"Become a member"},"content":{"rendered":"<p><\/p>\n<div id=\"zone-top\">\n<div id=\"token-170826\">\n<div id=\"content-container-170829\">\n<div id=\"content-text-170829\">\n<h4>Join Multicultural Center Gloria&#8217;s association!<\/h4>\n<p>If you want to support the Multicultural Center Gloria\u2019s activities and agree to our values, you can become a member of our association. As a member you can participate, speak and vote in the the meetings of the association. In 2026, the membership fee is 15 euros. For discount groups (outside the labour force) the fee is 5 euros.<\/p>\n<p>Supporting membership in The Multicultural Center Gloria is an easy and impactful way to contribute to Gloria\u2019s work on equality. As a supporting member you cannot vote at the association\u2019s meetings. In 2026, the supporting membership fee is 20 euros for individuals and 50 euros for communities and companies.<\/p>\n<\/div>\n<p>Membership fees to the account: FI98 5290 0220 5348 02<br \/>\nIn the message field: Gloria membership fee\/Supporting membership fee + your name<\/p>\n<p>You can also pay the membership fee with MobilePay using the QR-code below. If you pay with MobilePay, share the receipt with the association&#8217;s secretary Saara J\u00e4ntti, for example via WhatsApp: +358 40 162 7881. Write your name in the message.<\/p>\n<p><img decoding=\"async\" class=\"alignnone size-full wp-image-8876\" src=\"https:\/\/www.gloriajkl.fi\/wp-content\/uploads\/2026\/01\/QR-koodi_MonikulttuurikeskusGloriary34263-1.png\" alt=\"\" width=\"800\" height=\"800\" srcset=\"https:\/\/www.gloriajkl.fi\/wp-content\/uploads\/2026\/01\/QR-koodi_MonikulttuurikeskusGloriary34263-1.png 800w, https:\/\/www.gloriajkl.fi\/wp-content\/uploads\/2026\/01\/QR-koodi_MonikulttuurikeskusGloriary34263-1-300x300.png 300w, https:\/\/www.gloriajkl.fi\/wp-content\/uploads\/2026\/01\/QR-koodi_MonikulttuurikeskusGloriary34263-1-150x150.png 150w, https:\/\/www.gloriajkl.fi\/wp-content\/uploads\/2026\/01\/QR-koodi_MonikulttuurikeskusGloriary34263-1-768x768.png 768w, https:\/\/www.gloriajkl.fi\/wp-content\/uploads\/2026\/01\/QR-koodi_MonikulttuurikeskusGloriary34263-1-70x70.png 70w, https:\/\/www.gloriajkl.fi\/wp-content\/uploads\/2026\/01\/QR-koodi_MonikulttuurikeskusGloriary34263-1-127x127.png 127w, https:\/\/www.gloriajkl.fi\/wp-content\/uploads\/2026\/01\/QR-koodi_MonikulttuurikeskusGloriary34263-1-476x476.png 476w, https:\/\/www.gloriajkl.fi\/wp-content\/uploads\/2026\/01\/QR-koodi_MonikulttuurikeskusGloriary34263-1-125x125.png 125w, https:\/\/www.gloriajkl.fi\/wp-content\/uploads\/2026\/01\/QR-koodi_MonikulttuurikeskusGloriary34263-1-24x24.png 24w, https:\/\/www.gloriajkl.fi\/wp-content\/uploads\/2026\/01\/QR-koodi_MonikulttuurikeskusGloriary34263-1-36x36.png 36w, https:\/\/www.gloriajkl.fi\/wp-content\/uploads\/2026\/01\/QR-koodi_MonikulttuurikeskusGloriary34263-1-48x48.png 48w\" sizes=\"(max-width: 800px) 100vw, 800px\" \/><\/p>\n<\/div>\n<\/div>\n<\/div>\n<div id=\"content-middle\">\n<div id=\"zone-_main\">\n<div id=\"token-170717\">\n<div id=\"ng-app\">\n<div>\n<p><strong>If you would like to join Gloria&#8217;s association, please fill the form:<\/strong><\/p>\n\n<div class=\"wpcf7 no-js\" id=\"wpcf7-f425-o2\" lang=\"fi\" dir=\"ltr\" data-wpcf7-id=\"425\">\n<div class=\"screen-reader-response\"><p role=\"status\" aria-live=\"polite\" aria-atomic=\"true\"><\/p> <ul><\/ul><\/div>\n<form action=\"\/en\/wp-json\/wp\/v2\/pages\/204#wpcf7-f425-o2\" method=\"post\" class=\"wpcf7-form init\" aria-label=\"Yhteydenottolomake\" novalidate=\"novalidate\" data-status=\"init\">\n<fieldset class=\"hidden-fields-container\"><input type=\"hidden\" name=\"_wpcf7\" value=\"425\" \/><input type=\"hidden\" name=\"_wpcf7_version\" value=\"6.1.5\" \/><input type=\"hidden\" name=\"_wpcf7_locale\" value=\"fi\" \/><input type=\"hidden\" name=\"_wpcf7_unit_tag\" value=\"wpcf7-f425-o2\" \/><input type=\"hidden\" name=\"_wpcf7_container_post\" value=\"0\" \/><input type=\"hidden\" name=\"_wpcf7_posted_data_hash\" value=\"\" \/><input type=\"hidden\" name=\"_wpcf7_recaptcha_response\" value=\"\" \/>\n<\/fieldset>\n<p><label> Etunimi \/ First name (pakollinen)<br \/>\n<span class=\"wpcf7-form-control-wrap\" data-name=\"etunimi\"><input size=\"40\" maxlength=\"400\" class=\"wpcf7-form-control wpcf7-text wpcf7-validates-as-required\" aria-required=\"true\" aria-invalid=\"false\" value=\"\" type=\"text\" name=\"etunimi\" \/><\/span> <\/label>\n<\/p>\n<p><label> Sukunimi \/ Surname (pakollinen)<br \/>\n<span class=\"wpcf7-form-control-wrap\" data-name=\"sukunimi\"><input size=\"40\" maxlength=\"400\" class=\"wpcf7-form-control wpcf7-text wpcf7-validates-as-required\" aria-required=\"true\" aria-invalid=\"false\" value=\"\" type=\"text\" name=\"sukunimi\" \/><\/span> <\/label>\n<\/p>\n<p><label> J\u00e4senyyden tyyppi \/ Type of membership (pakollinen)<br \/>\n<span class=\"wpcf7-form-control-wrap\" data-name=\"tyyppi\"><select class=\"wpcf7-form-control wpcf7-select wpcf7-validates-as-required\" aria-required=\"true\" aria-invalid=\"false\" name=\"tyyppi\"><option value=\"J\u00e4sen\/Member\">J\u00e4sen\/Member<\/option><option value=\"Kannattajaj\u00e4sen\/Supporting Member\">Kannattajaj\u00e4sen\/Supporting Member<\/option><\/select><\/span><br \/>\n<\/label>\n<\/p>\n<p>J\u00e4sentyyppiin liittyv\u00e4\u00e4 lis\u00e4tietoa<br \/>\n<label> Yhteis\u00f6n nimi \/ Name of organization (kannattajaj\u00e4senyys)<br \/>\n<span class=\"wpcf7-form-control-wrap\" data-name=\"yhteiso\"><input size=\"40\" maxlength=\"400\" class=\"wpcf7-form-control wpcf7-text\" aria-invalid=\"false\" value=\"\" type=\"text\" name=\"yhteiso\" \/><\/span> <\/label>\n<\/p>\n<p><label> S\u00e4hk\u00f6posti \/ email (pakollinen)<br \/>\n<span class=\"wpcf7-form-control-wrap\" data-name=\"your-email\"><input size=\"40\" maxlength=\"400\" class=\"wpcf7-form-control wpcf7-email wpcf7-validates-as-required wpcf7-text wpcf7-validates-as-email\" aria-required=\"true\" aria-invalid=\"false\" value=\"\" type=\"email\" name=\"your-email\" \/><\/span> <\/label>\n<\/p>\n<p><label> Matkapuhelinnumero \/ phone number<br \/>\n<span class=\"wpcf7-form-control-wrap\" data-name=\"puh\"><input size=\"40\" maxlength=\"400\" class=\"wpcf7-form-control wpcf7-text\" aria-invalid=\"false\" value=\"\" type=\"text\" name=\"puh\" \/><\/span> <\/label>\n<\/p>\n<p><label> L\u00e4hiosoite \/ Address<br \/>\n<span class=\"wpcf7-form-control-wrap\" data-name=\"osoite\"><input size=\"40\" maxlength=\"400\" class=\"wpcf7-form-control wpcf7-text\" aria-invalid=\"false\" value=\"\" type=\"text\" name=\"osoite\" \/><\/span> <\/label>\n<\/p>\n<p><label> Postinumero\/ Zip code<br \/>\n<span class=\"wpcf7-form-control-wrap\" data-name=\"pono\"><input size=\"40\" maxlength=\"400\" class=\"wpcf7-form-control wpcf7-text\" aria-invalid=\"false\" value=\"\" type=\"text\" name=\"pono\" \/><\/span> <\/label>\n<\/p>\n<p><label> Postitoimipaikka \/ city<br \/>\n<span class=\"wpcf7-form-control-wrap\" data-name=\"toimipaikka\"><input size=\"40\" maxlength=\"400\" class=\"wpcf7-form-control wpcf7-text\" aria-invalid=\"false\" value=\"\" type=\"text\" name=\"toimipaikka\" \/><\/span> <\/label>\n<\/p>\n<p><label> Miksi haluat liitty\u00e4 j\u00e4seneksi?<br \/>\n<span class=\"wpcf7-form-control-wrap\" data-name=\"text-108\"><input size=\"40\" maxlength=\"2000\" class=\"wpcf7-form-control wpcf7-text\" aria-invalid=\"false\" value=\"\" type=\"text\" name=\"text-108\" \/><\/span> <\/label>\n<\/p>\n<p><input class=\"wpcf7-form-control wpcf7-submit has-spinner\" type=\"submit\" value=\"Liity j\u00e4seneksi \/ send membership application\" \/>\n<\/p><div class=\"wpcf7-response-output\" aria-hidden=\"true\"><\/div>\n<\/form>\n<\/div>\n\n<p><a href=\"https:\/\/www.gloriajkl.fi\/wp-content\/uploads\/2024\/10\/Monikulttuurikeskus-Gloria-ry-rekisteriseloste-2024.pdf\">Monikulttuurikeskus Gloria ry rekisteriseloste 2024<\/a><\/p>\n<\/div>\n<div><\/div>\n<\/div>\n<\/div>\n<\/div>\n<\/div>\n<p><\/p>","protected":false},"excerpt":{"rendered":"<p>Join Multicultural Center Gloria&#8217;s association! If you want to support the Multicultural Center Gloria\u2019s activities and agree to our values, you can become a member of our association. As a member you can participate, speak and vote in the the meetings of the association. In 2026, the membership fee is 15 euros. For discount groups [&hellip;]<\/p>\n","protected":false},"author":1,"featured_media":0,"parent":0,"menu_order":0,"comment_status":"closed","ping_status":"closed","template":"pageSelko.php","meta":{"footnotes":""},"class_list":["post-204","page","type-page","status-publish","hentry"],"_links":{"self":[{"href":"https:\/\/www.gloriajkl.fi\/en\/wp-json\/wp\/v2\/pages\/204","targetHints":{"allow":["GET"]}}],"collection":[{"href":"https:\/\/www.gloriajkl.fi\/en\/wp-json\/wp\/v2\/pages"}],"about":[{"href":"https:\/\/www.gloriajkl.fi\/en\/wp-json\/wp\/v2\/types\/page"}],"author":[{"embeddable":true,"href":"https:\/\/www.gloriajkl.fi\/en\/wp-json\/wp\/v2\/users\/1"}],"replies":[{"embeddable":true,"href":"https:\/\/www.gloriajkl.fi\/en\/wp-json\/wp\/v2\/comments?post=204"}],"version-history":[{"count":62,"href":"https:\/\/www.gloriajkl.fi\/en\/wp-json\/wp\/v2\/pages\/204\/revisions"}],"predecessor-version":[{"id":8937,"href":"https:\/\/www.gloriajkl.fi\/en\/wp-json\/wp\/v2\/pages\/204\/revisions\/8937"}],"wp:attachment":[{"href":"https:\/\/www.gloriajkl.fi\/en\/wp-json\/wp\/v2\/media?parent=204"}],"curies":[{"name":"wp","href":"https:\/\/api.w.org\/{rel}","templated":true}]}}