{"id":574,"date":"2018-10-16T18:23:41","date_gmt":"2018-10-16T15:23:41","guid":{"rendered":"http:\/\/www.gloriajkl.fi\/?page_id=574"},"modified":"2018-10-16T18:36:45","modified_gmt":"2018-10-16T15:36:45","slug":"portal","status":"publish","type":"page","link":"https:\/\/www.gloriajkl.fi\/en\/portal\/","title":{"rendered":"Vanha linkki \/ Selaimen asetukset"},"content":{"rendered":"<h3>Glorian kotisivut uusittiin lokakuussa 2018.<\/h3>\n<h3>Jos olet p\u00e4\u00e4tynyt t\u00e4lle sivulle, se saattaa johtua seuraavista asioista:<\/h3>\n<ul>\n<li>Seurasit vanhentunutta linkki\u00e4 toiselta sivustolta.<\/li>\n<li>Sinulla on vanha kirjanmerkki, p\u00e4ivit\u00e4 uuden kirjanmerkin osoitteeksi <strong>www.gloriajkl.fi<\/strong>.<\/li>\n<li>Selaimesi v\u00e4limuisti ohjaa sinut vanhaan osoitteeseen. Tyhjenn\u00e4 selaimen v\u00e4limuisti esimerkiksi seuraavien ohjeiden mukaisesti:<br \/>\n<a href=\"https:\/\/support.google.com\/accounts\/answer\/32050?co=GENIE.Platform%3DDesktop&amp;hl=fi\">Google Chrome<\/a><br \/>\n<a href=\"https:\/\/support.mozilla.org\/fi\/kb\/firefoxin-valimuistin-tyhjentaminen\">Mozilla Firefox<\/a><br \/>\n(Voit my\u00f6s selata sivuja yl\u00e4valikosta tyhjent\u00e4m\u00e4tt\u00e4 v\u00e4limuistia, mutta et v\u00e4ltt\u00e4m\u00e4tt\u00e4 p\u00e4\u00e4se etusivulle.)<\/li>\n<\/ul>\n","protected":false},"excerpt":{"rendered":"<p>Glorian kotisivut uusittiin lokakuussa 2018. Jos olet p\u00e4\u00e4tynyt t\u00e4lle sivulle, se saattaa johtua seuraavista asioista: Seurasit vanhentunutta linkki\u00e4 toiselta sivustolta. Sinulla on vanha kirjanmerkki, p\u00e4ivit\u00e4 uuden kirjanmerkin osoitteeksi www.gloriajkl.fi. Selaimesi v\u00e4limuisti ohjaa sinut vanhaan osoitteeseen. Tyhjenn\u00e4 selaimen v\u00e4limuisti esimerkiksi seuraavien ohjeiden mukaisesti: Google Chrome Mozilla Firefox (Voit my\u00f6s selata sivuja yl\u00e4valikosta tyhjent\u00e4m\u00e4tt\u00e4 v\u00e4limuistia, mutta et [&hellip;]<\/p>\n","protected":false},"author":1,"featured_media":0,"parent":0,"menu_order":0,"comment_status":"closed","ping_status":"closed","template":"","meta":{"footnotes":""},"class_list":["post-574","page","type-page","status-publish","hentry"],"_links":{"self":[{"href":"https:\/\/www.gloriajkl.fi\/en\/wp-json\/wp\/v2\/pages\/574","targetHints":{"allow":["GET"]}}],"collection":[{"href":"https:\/\/www.gloriajkl.fi\/en\/wp-json\/wp\/v2\/pages"}],"about":[{"href":"https:\/\/www.gloriajkl.fi\/en\/wp-json\/wp\/v2\/types\/page"}],"author":[{"embeddable":true,"href":"https:\/\/www.gloriajkl.fi\/en\/wp-json\/wp\/v2\/users\/1"}],"replies":[{"embeddable":true,"href":"https:\/\/www.gloriajkl.fi\/en\/wp-json\/wp\/v2\/comments?post=574"}],"version-history":[{"count":6,"href":"https:\/\/www.gloriajkl.fi\/en\/wp-json\/wp\/v2\/pages\/574\/revisions"}],"predecessor-version":[{"id":580,"href":"https:\/\/www.gloriajkl.fi\/en\/wp-json\/wp\/v2\/pages\/574\/revisions\/580"}],"wp:attachment":[{"href":"https:\/\/www.gloriajkl.fi\/en\/wp-json\/wp\/v2\/media?parent=574"}],"curies":[{"name":"wp","href":"https:\/\/api.w.org\/{rel}","templated":true}]}}